{"id":346,"date":"2024-01-08T12:55:55","date_gmt":"2024-01-08T15:55:55","guid":{"rendered":"https:\/\/www.brcriacaodesites.com.br\/waser\/?page_id=346"},"modified":"2024-01-10T00:15:57","modified_gmt":"2024-01-10T03:15:57","slug":"gerenciamento-e-controle-de-backups","status":"publish","type":"page","link":"https:\/\/www.brcriacaodesites.com.br\/waser\/gerenciamento-e-controle-de-backups","title":{"rendered":"Gerenciamento e Controle de Backups"},"content":{"rendered":"\t\t<div data-elementor-type=\"wp-page\" data-elementor-id=\"346\" class=\"elementor elementor-346\">\n\t\t\t\t<div class=\"elementor-element elementor-element-c67b2a0 e-flex e-con-boxed e-con e-parent\" data-id=\"c67b2a0\" data-element_type=\"container\" data-e-type=\"container\">\n\t\t\t\t\t<div class=\"e-con-inner\">\n\t\t\t\t\t<\/div>\n\t\t\t\t<\/div>\n\t\t<div class=\"elementor-element elementor-element-ff57fd9 e-flex e-con-boxed e-con e-parent\" data-id=\"ff57fd9\" data-element_type=\"container\" data-e-type=\"container\">\n\t\t\t\t\t<div class=\"e-con-inner\">\n\t\t<div class=\"elementor-element elementor-element-e02d1d8 e-con-full e-flex e-con e-child\" data-id=\"e02d1d8\" data-element_type=\"container\" data-e-type=\"container\">\n\t\t\t\t<div class=\"elementor-element elementor-element-71bd1be elementor-widget elementor-widget-heading\" data-id=\"71bd1be\" data-element_type=\"widget\" data-e-type=\"widget\" data-widget_type=\"heading.default\">\n\t\t\t\t<div class=\"elementor-widget-container\">\n\t\t\t\t\t<h1 class=\"elementor-heading-title elementor-size-default\">Gerenciamento e Controle\nde Backups<\/h1>\t\t\t\t<\/div>\n\t\t\t\t<\/div>\n\t\t\t\t<div class=\"elementor-element elementor-element-af149d8 elementor-widget-divider--view-line elementor-widget elementor-widget-divider\" data-id=\"af149d8\" data-element_type=\"widget\" data-e-type=\"widget\" data-widget_type=\"divider.default\">\n\t\t\t\t<div class=\"elementor-widget-container\">\n\t\t\t\t\t\t\t<div class=\"elementor-divider\">\n\t\t\t<span class=\"elementor-divider-separator\">\n\t\t\t\t\t\t<\/span>\n\t\t<\/div>\n\t\t\t\t\t\t<\/div>\n\t\t\t\t<\/div>\n\t\t\t\t<div class=\"elementor-element elementor-element-10b0c60 elementor-widget elementor-widget-text-editor\" data-id=\"10b0c60\" data-element_type=\"widget\" data-e-type=\"widget\" data-widget_type=\"text-editor.default\">\n\t\t\t\t<div class=\"elementor-widget-container\">\n\t\t\t\t\t\t\t\t\t<p><strong>Gerenciamento abrangente de prote\u00e7\u00e3o de dados na nuvem com recursos de classe empresarial e integra\u00e7\u00e3o de banco de dados.<\/strong><br \/>Esta solu\u00e7\u00e3o \u00e9 baseada em plataforma de nuvem comprovada, oferecida em uma rede global e segura de regi\u00f5es de nuvem, da sincroniza\u00e7\u00e3o de arquivos de alta largura de banda \u00e0 prote\u00e7\u00e3o de banco de dados sem perda de dados e op\u00e7\u00f5es detalhadas de failover de banco de dados, a Waser oferece solu\u00e7\u00f5es escalon\u00e1veis, confi\u00e1veis, seguras e extremamente econ\u00f4micas de resili\u00eancia e recupera\u00e7\u00e3o de desastres (DR).<\/p>\t\t\t\t\t\t\t\t<\/div>\n\t\t\t\t<\/div>\n\t\t\t\t<div class=\"elementor-element elementor-element-a6934ba elementor-widget elementor-widget-button\" data-id=\"a6934ba\" data-element_type=\"widget\" data-e-type=\"widget\" data-widget_type=\"button.default\">\n\t\t\t\t<div class=\"elementor-widget-container\">\n\t\t\t\t\t\t\t\t\t<div class=\"elementor-button-wrapper\">\n\t\t\t\t\t<a class=\"elementor-button elementor-button-link elementor-size-sm\" href=\"\/waser\/orcamento\">\n\t\t\t\t\t\t<span class=\"elementor-button-content-wrapper\">\n\t\t\t\t\t\t\t\t\t<span class=\"elementor-button-text\">Solicite um or\u00e7amento<\/span>\n\t\t\t\t\t<\/span>\n\t\t\t\t\t<\/a>\n\t\t\t\t<\/div>\n\t\t\t\t\t\t\t\t<\/div>\n\t\t\t\t<\/div>\n\t\t\t\t<\/div>\n\t\t<div class=\"elementor-element elementor-element-bd10b74 e-con-full e-flex e-con e-child\" data-id=\"bd10b74\" data-element_type=\"container\" data-e-type=\"container\">\n\t\t\t\t<div class=\"elementor-element elementor-element-dfa1911 elementor-widget elementor-widget-image\" data-id=\"dfa1911\" data-element_type=\"widget\" data-e-type=\"widget\" data-widget_type=\"image.default\">\n\t\t\t\t<div class=\"elementor-widget-container\">\n\t\t\t\t\t\t\t\t\t\t\t\t\t\t\t<img fetchpriority=\"high\" decoding=\"async\" width=\"469\" height=\"308\" src=\"https:\/\/www.brcriacaodesites.com.br\/waser\/wp-content\/uploads\/2024\/01\/Rectangle-20145.png\" class=\"attachment-full size-full wp-image-349\" alt=\"\" srcset=\"https:\/\/www.brcriacaodesites.com.br\/waser\/wp-content\/uploads\/2024\/01\/Rectangle-20145.png 469w, https:\/\/www.brcriacaodesites.com.br\/waser\/wp-content\/uploads\/2024\/01\/Rectangle-20145-150x99.png 150w\" sizes=\"(max-width: 469px) 100vw, 469px\" \/>\t\t\t\t\t\t\t\t\t\t\t\t\t\t\t<\/div>\n\t\t\t\t<\/div>\n\t\t\t\t<\/div>\n\t\t\t\t\t<\/div>\n\t\t\t\t<\/div>\n\t\t<div class=\"elementor-element elementor-element-036cdc8 e-flex e-con-boxed e-con e-parent\" data-id=\"036cdc8\" data-element_type=\"container\" data-e-type=\"container\">\n\t\t\t\t\t<div class=\"e-con-inner\">\n\t\t<div class=\"elementor-element elementor-element-02279eb e-flex e-con-boxed e-con e-child\" data-id=\"02279eb\" data-element_type=\"container\" data-e-type=\"container\">\n\t\t\t\t\t<div class=\"e-con-inner\">\n\t\t\t\t<div class=\"elementor-element elementor-element-a0a5704 elementor-widget elementor-widget-image\" data-id=\"a0a5704\" data-element_type=\"widget\" data-e-type=\"widget\" data-widget_type=\"image.default\">\n\t\t\t\t<div class=\"elementor-widget-container\">\n\t\t\t\t\t\t\t\t\t\t\t\t\t\t\t<img decoding=\"async\" width=\"120\" height=\"104\" src=\"https:\/\/www.brcriacaodesites.com.br\/waser\/wp-content\/uploads\/2024\/01\/745.png\" class=\"attachment-full size-full wp-image-350\" alt=\"\" \/>\t\t\t\t\t\t\t\t\t\t\t\t\t\t\t<\/div>\n\t\t\t\t<\/div>\n\t\t\t\t<div class=\"elementor-element elementor-element-cdef1d6 elementor-widget elementor-widget-heading\" data-id=\"cdef1d6\" data-element_type=\"widget\" data-e-type=\"widget\" data-widget_type=\"heading.default\">\n\t\t\t\t<div class=\"elementor-widget-container\">\n\t\t\t\t\t<h3 class=\"elementor-heading-title elementor-size-default\">Backup de dados locais na\nnuvem\n<\/h3>\t\t\t\t<\/div>\n\t\t\t\t<\/div>\n\t\t\t\t<div class=\"elementor-element elementor-element-6cba1e4 elementor-widget elementor-widget-text-editor\" data-id=\"6cba1e4\" data-element_type=\"widget\" data-e-type=\"widget\" data-widget_type=\"text-editor.default\">\n\t\t\t\t<div class=\"elementor-widget-container\">\n\t\t\t\t\t\t\t\t\t<p>Realizamos o backup em seus dados baseados em NFS locais, Nuvem Privada, P\u00fablica, e S3.<\/p>\t\t\t\t\t\t\t\t<\/div>\n\t\t\t\t<\/div>\n\t\t\t\t\t<\/div>\n\t\t\t\t<\/div>\n\t\t<div class=\"elementor-element elementor-element-8ea5b08 e-flex e-con-boxed e-con e-child\" data-id=\"8ea5b08\" data-element_type=\"container\" data-e-type=\"container\">\n\t\t\t\t\t<div class=\"e-con-inner\">\n\t\t\t\t<div class=\"elementor-element elementor-element-6e34e8e elementor-widget elementor-widget-image\" data-id=\"6e34e8e\" data-element_type=\"widget\" data-e-type=\"widget\" data-widget_type=\"image.default\">\n\t\t\t\t<div class=\"elementor-widget-container\">\n\t\t\t\t\t\t\t\t\t\t\t\t\t\t\t<img decoding=\"async\" width=\"120\" height=\"104\" src=\"https:\/\/www.brcriacaodesites.com.br\/waser\/wp-content\/uploads\/2024\/01\/845.png\" class=\"attachment-full size-full wp-image-351\" alt=\"\" \/>\t\t\t\t\t\t\t\t\t\t\t\t\t\t\t<\/div>\n\t\t\t\t<\/div>\n\t\t\t\t<div class=\"elementor-element elementor-element-4a2d955 elementor-widget elementor-widget-heading\" data-id=\"4a2d955\" data-element_type=\"widget\" data-e-type=\"widget\" data-widget_type=\"heading.default\">\n\t\t\t\t<div class=\"elementor-widget-container\">\n\t\t\t\t\t<h3 class=\"elementor-heading-title elementor-size-default\">Topologia de DR h\u00edbrida para um\nExadata local implantada<\/h3>\t\t\t\t<\/div>\n\t\t\t\t<\/div>\n\t\t\t\t<div class=\"elementor-element elementor-element-ef7fa99 elementor-widget elementor-widget-text-editor\" data-id=\"ef7fa99\" data-element_type=\"widget\" data-e-type=\"widget\" data-widget_type=\"text-editor.default\">\n\t\t\t\t<div class=\"elementor-widget-container\">\n\t\t\t\t\t\t\t\t\t<p>Criamos um plano de recupera\u00e7\u00e3o de desastres para servidores, usando recursos de Nuvem com backups online e fornecer uma estrutura altamente dispon\u00edvel segura e escal\u00e1vel.<\/p>\t\t\t\t\t\t\t\t<\/div>\n\t\t\t\t<\/div>\n\t\t\t\t\t<\/div>\n\t\t\t\t<\/div>\n\t\t<div class=\"elementor-element elementor-element-aea3367 e-flex e-con-boxed e-con e-child\" data-id=\"aea3367\" data-element_type=\"container\" data-e-type=\"container\">\n\t\t\t\t\t<div class=\"e-con-inner\">\n\t\t\t\t<div class=\"elementor-element elementor-element-5cc1b30 elementor-widget elementor-widget-image\" data-id=\"5cc1b30\" data-element_type=\"widget\" data-e-type=\"widget\" data-widget_type=\"image.default\">\n\t\t\t\t<div class=\"elementor-widget-container\">\n\t\t\t\t\t\t\t\t\t\t\t\t\t\t\t<img loading=\"lazy\" decoding=\"async\" width=\"120\" height=\"104\" src=\"https:\/\/www.brcriacaodesites.com.br\/waser\/wp-content\/uploads\/2024\/01\/945.png\" class=\"attachment-full size-full wp-image-352\" alt=\"\" \/>\t\t\t\t\t\t\t\t\t\t\t\t\t\t\t<\/div>\n\t\t\t\t<\/div>\n\t\t\t\t<div class=\"elementor-element elementor-element-5706774 elementor-widget elementor-widget-heading\" data-id=\"5706774\" data-element_type=\"widget\" data-e-type=\"widget\" data-widget_type=\"heading.default\">\n\t\t\t\t<div class=\"elementor-widget-container\">\n\t\t\t\t\t<h3 class=\"elementor-heading-title elementor-size-default\">Recupera\u00e7\u00f5es limpas e resilientes <\/h3>\t\t\t\t<\/div>\n\t\t\t\t<\/div>\n\t\t\t\t<div class=\"elementor-element elementor-element-b0f4997 elementor-widget elementor-widget-text-editor\" data-id=\"b0f4997\" data-element_type=\"widget\" data-e-type=\"widget\" data-widget_type=\"text-editor.default\">\n\t\t\t\t<div class=\"elementor-widget-container\">\n\t\t\t\t\t\t\t\t\t<p>Recupere-se rapidamente localmente ou para a nuvem com o mecanismo RunasVM ou com a recupera\u00e7\u00e3o de desastres na nuvem com a melhor velocidade da categoria, recupera\u00e7\u00f5es seguras que restauram a imagem do sistema operacional com os patches e defini\u00e7\u00f5es antimalware mais recentes.<\/p>\t\t\t\t\t\t\t\t<\/div>\n\t\t\t\t<\/div>\n\t\t\t\t\t<\/div>\n\t\t\t\t<\/div>\n\t\t\t\t\t<\/div>\n\t\t\t\t<\/div>\n\t\t<div class=\"elementor-element elementor-element-1aecffb e-flex e-con-boxed e-con e-parent\" data-id=\"1aecffb\" data-element_type=\"container\" data-e-type=\"container\">\n\t\t\t\t\t<div class=\"e-con-inner\">\n\t\t\t\t<div class=\"elementor-element elementor-element-08160c0 elementor-widget elementor-widget-heading\" data-id=\"08160c0\" data-element_type=\"widget\" data-e-type=\"widget\" data-widget_type=\"heading.default\">\n\t\t\t\t<div class=\"elementor-widget-container\">\n\t\t\t\t\t<h2 class=\"elementor-heading-title elementor-size-default\">Servi\u00e7os Waser para Gerenciamento <br> e Controle de BackUps<\/h2>\t\t\t\t<\/div>\n\t\t\t\t<\/div>\n\t\t\t\t<div class=\"elementor-element elementor-element-fa4f1ae elementor-widget-divider--view-line elementor-widget elementor-widget-divider\" data-id=\"fa4f1ae\" data-element_type=\"widget\" data-e-type=\"widget\" data-widget_type=\"divider.default\">\n\t\t\t\t<div class=\"elementor-widget-container\">\n\t\t\t\t\t\t\t<div class=\"elementor-divider\">\n\t\t\t<span class=\"elementor-divider-separator\">\n\t\t\t\t\t\t<\/span>\n\t\t<\/div>\n\t\t\t\t\t\t<\/div>\n\t\t\t\t<\/div>\n\t\t\t\t\t<\/div>\n\t\t\t\t<\/div>\n\t\t<div class=\"elementor-element elementor-element-edd3d31 e-flex e-con-boxed e-con e-parent\" data-id=\"edd3d31\" data-element_type=\"container\" data-e-type=\"container\">\n\t\t\t\t\t<div class=\"e-con-inner\">\n\t\t<div class=\"elementor-element elementor-element-036a622 e-con-full e-flex e-con e-child\" data-id=\"036a622\" data-element_type=\"container\" data-e-type=\"container\">\n\t\t\t\t<div class=\"elementor-element elementor-element-3b8b921 elementor-widget elementor-widget-heading\" data-id=\"3b8b921\" data-element_type=\"widget\" data-e-type=\"widget\" data-widget_type=\"heading.default\">\n\t\t\t\t<div class=\"elementor-widget-container\">\n\t\t\t\t\t<h3 class=\"elementor-heading-title elementor-size-default\">Disaster Recovery<\/h3>\t\t\t\t<\/div>\n\t\t\t\t<\/div>\n\t\t\t\t<div class=\"elementor-element elementor-element-4ac99e2 elementor-widget elementor-widget-text-editor\" data-id=\"4ac99e2\" data-element_type=\"widget\" data-e-type=\"widget\" data-widget_type=\"text-editor.default\">\n\t\t\t\t<div class=\"elementor-widget-container\">\n\t\t\t\t\t\t\t\t\t<p>A recupera\u00e7\u00e3o de desastres (DR) \u00e9 uma faceta dos planos abrangentes de continuidade de neg\u00f3cios elaborados e mantidos pelas v\u00e1rias linhas de neg\u00f3cios dentro de uma organiza\u00e7\u00e3o. Um plano eficaz de recupera\u00e7\u00e3o de desastres mitiga o impacto que paralisa\u00e7\u00f5es n\u00e3o planejadas \u2014 ou mesmo planejadas \u2014 de sistemas cr\u00edticos para a miss\u00e3o e os neg\u00f3cios t\u00eam na capacidade de uma empresa de operar e continuar a obter receita. <br \/><br \/>A solu\u00e7\u00e3o de recupera\u00e7\u00e3o de desastres, tem como objetivo recuperar dados perdidos em caso de perdas em larga escala, utilizando-se do RackWare Management Module (RMM), automatizamos esse processo de recupera\u00e7\u00e3o de desastres (DR) atrav\u00e9s de um processo de migra\u00e7\u00e3o de cargas de trabalho existentes em diferentes data centers e nuvens, criando uma duplicata exata de uma imagem em execu\u00e7\u00e3o sem a necessidade de reconstruir ou recriar o modelo, imagens e aplica\u00e7\u00e3o.<\/p>\t\t\t\t\t\t\t\t<\/div>\n\t\t\t\t<\/div>\n\t\t\t\t<div class=\"elementor-element elementor-element-809cdde elementor-widget elementor-widget-text-editor\" data-id=\"809cdde\" data-element_type=\"widget\" data-e-type=\"widget\" data-widget_type=\"text-editor.default\">\n\t\t\t\t<div class=\"elementor-widget-container\">\n\t\t\t\t\t\t\t\t\t<ul><li><strong>Redu\u00e7\u00e3o de Custo e Complexidade<\/strong><\/li><\/ul><p>Com o OCI Full Stack Disaster Recovery O OCI Full Stack Disaster Recovery torna-se poss\u00edvel o gerenciamento de transi\u00e7\u00e3o de infraestrutura, plataformas e aplicativos entre regi\u00f5es OCI de qualquer lugar do mundo com um \u00fanico clique.<\/p>\t\t\t\t\t\t\t\t<\/div>\n\t\t\t\t<\/div>\n\t\t\t\t<\/div>\n\t\t<div class=\"elementor-element elementor-element-9a189ee e-con-full e-flex e-con e-child\" data-id=\"9a189ee\" data-element_type=\"container\" data-e-type=\"container\">\n\t\t\t\t<div class=\"elementor-element elementor-element-5e2fb93 elementor-widget elementor-widget-image\" data-id=\"5e2fb93\" data-element_type=\"widget\" data-e-type=\"widget\" data-widget_type=\"image.default\">\n\t\t\t\t<div class=\"elementor-widget-container\">\n\t\t\t\t\t\t\t\t\t\t\t\t\t\t\t<img loading=\"lazy\" decoding=\"async\" width=\"470\" height=\"405\" src=\"https:\/\/www.brcriacaodesites.com.br\/waser\/wp-content\/uploads\/2024\/01\/Rectangle-2031243.png\" class=\"attachment-full size-full wp-image-353\" alt=\"\" srcset=\"https:\/\/www.brcriacaodesites.com.br\/waser\/wp-content\/uploads\/2024\/01\/Rectangle-2031243.png 470w, https:\/\/www.brcriacaodesites.com.br\/waser\/wp-content\/uploads\/2024\/01\/Rectangle-2031243-150x129.png 150w\" sizes=\"(max-width: 470px) 100vw, 470px\" \/>\t\t\t\t\t\t\t\t\t\t\t\t\t\t\t<\/div>\n\t\t\t\t<\/div>\n\t\t\t\t<\/div>\n\t\t\t\t\t<\/div>\n\t\t\t\t<\/div>\n\t\t<div class=\"elementor-element elementor-element-f08bc0d e-flex e-con-boxed e-con e-parent\" data-id=\"f08bc0d\" data-element_type=\"container\" data-e-type=\"container\">\n\t\t\t\t\t<div class=\"e-con-inner\">\n\t\t<div class=\"elementor-element elementor-element-aab9dfa e-con-full e-flex e-con e-child\" data-id=\"aab9dfa\" data-element_type=\"container\" data-e-type=\"container\">\n\t\t\t\t<div class=\"elementor-element elementor-element-d6aab6b elementor-widget elementor-widget-image\" data-id=\"d6aab6b\" data-element_type=\"widget\" data-e-type=\"widget\" data-widget_type=\"image.default\">\n\t\t\t\t<div class=\"elementor-widget-container\">\n\t\t\t\t\t\t\t\t\t\t\t\t\t\t\t<img loading=\"lazy\" decoding=\"async\" width=\"470\" height=\"405\" src=\"https:\/\/www.brcriacaodesites.com.br\/waser\/wp-content\/uploads\/2024\/01\/Rectangle-2041245.png\" class=\"attachment-full size-full wp-image-354\" alt=\"\" srcset=\"https:\/\/www.brcriacaodesites.com.br\/waser\/wp-content\/uploads\/2024\/01\/Rectangle-2041245.png 470w, https:\/\/www.brcriacaodesites.com.br\/waser\/wp-content\/uploads\/2024\/01\/Rectangle-2041245-150x129.png 150w\" sizes=\"(max-width: 470px) 100vw, 470px\" \/>\t\t\t\t\t\t\t\t\t\t\t\t\t\t\t<\/div>\n\t\t\t\t<\/div>\n\t\t\t\t<\/div>\n\t\t<div class=\"elementor-element elementor-element-e325afc e-con-full e-flex e-con e-child\" data-id=\"e325afc\" data-element_type=\"container\" data-e-type=\"container\">\n\t\t\t\t<div class=\"elementor-element elementor-element-ea9dbdb elementor-widget elementor-widget-heading\" data-id=\"ea9dbdb\" data-element_type=\"widget\" data-e-type=\"widget\" data-widget_type=\"heading.default\">\n\t\t\t\t<div class=\"elementor-widget-container\">\n\t\t\t\t\t<h3 class=\"elementor-heading-title elementor-size-default\">Backups em Nuvem<\/h3>\t\t\t\t<\/div>\n\t\t\t\t<\/div>\n\t\t\t\t<div class=\"elementor-element elementor-element-5ce980a elementor-widget elementor-widget-text-editor\" data-id=\"5ce980a\" data-element_type=\"widget\" data-e-type=\"widget\" data-widget_type=\"text-editor.default\">\n\t\t\t\t<div class=\"elementor-widget-container\">\n\t\t\t\t\t\t\t\t\t<p>Com o gerenciamento centralizados de backups, \u00e9 poss\u00edvel a cria\u00e7\u00e3o de um plano de backups automatizados que levaram os dados para armazenamentos em nuvem, al\u00e9m de mais seguras, o sistema de armazenamento de backups em nuvem possui custos menores pois paga-se somente pela quantidade de espa\u00e7o usada, podendo reduzir ou aumentar conforme as necessidades do neg\u00f3cio.<\/p>\t\t\t\t\t\t\t\t<\/div>\n\t\t\t\t<\/div>\n\t\t\t\t<div class=\"elementor-element elementor-element-2083fd2 elementor-widget elementor-widget-text-editor\" data-id=\"2083fd2\" data-element_type=\"widget\" data-e-type=\"widget\" data-widget_type=\"text-editor.default\">\n\t\t\t\t<div class=\"elementor-widget-container\">\n\t\t\t\t\t\t\t\t\t<ul><li><strong>Mais seguran\u00e7a<\/strong><\/li><\/ul><p>Al\u00e9m de eliminar riscos de perda por falhas ou desastres a servidores, o sistema de nuvem atua com dados criptografados, o que eleva a seguran\u00e7a desses dados uma vez que para acess\u00e1-los \u00e9 necess\u00e1rio o uso de senhas espec\u00edficas.<\/p><ul><li><strong>Redu\u00e7\u00e3o de custos<\/strong>\u00a0<\/li><\/ul><p>O custo para armazenar dados em nuvem \u00e9 altamente ajust\u00e1vel, o que leva a um custo menor de acordo com a necessidade da empresa, afinal, este custo pode ser controlado e aumentar ou diminuir conforme a necessidade do neg\u00f3cio.<\/p>\t\t\t\t\t\t\t\t<\/div>\n\t\t\t\t<\/div>\n\t\t\t\t<\/div>\n\t\t\t\t\t<\/div>\n\t\t\t\t<\/div>\n\t\t<div class=\"elementor-element elementor-element-7e60d74 e-flex e-con-boxed e-con e-parent\" data-id=\"7e60d74\" data-element_type=\"container\" data-e-type=\"container\">\n\t\t\t\t\t<div class=\"e-con-inner\">\n\t\t<div class=\"elementor-element elementor-element-d02922b e-con-full e-flex e-con e-child\" data-id=\"d02922b\" data-element_type=\"container\" data-e-type=\"container\">\n\t\t\t\t<div class=\"elementor-element elementor-element-c23628e elementor-widget elementor-widget-heading\" data-id=\"c23628e\" data-element_type=\"widget\" data-e-type=\"widget\" data-widget_type=\"heading.default\">\n\t\t\t\t<div class=\"elementor-widget-container\">\n\t\t\t\t\t<h3 class=\"elementor-heading-title elementor-size-default\">Servidor em Nuvem<\/h3>\t\t\t\t<\/div>\n\t\t\t\t<\/div>\n\t\t\t\t<div class=\"elementor-element elementor-element-576f2a8 elementor-widget elementor-widget-text-editor\" data-id=\"576f2a8\" data-element_type=\"widget\" data-e-type=\"widget\" data-widget_type=\"text-editor.default\">\n\t\t\t\t<div class=\"elementor-widget-container\">\n\t\t\t\t\t\t\t\t\t<p>Com o Cloud Infrastructure (OCI) Compute torna-se poss\u00edvel o isolamento e controle com acesso a um servidor f\u00edsico dedicado, possibilitando a cria\u00e7\u00e3o de ambientes na nuvem nas inst\u00e2ncias bare metal com melhorias significativas no desempenho com rela\u00e7\u00e3o \u00e0s nuvens p\u00fablicas e data center on-premises. Em casos de desastres com servidores f\u00edsicos, atr\u00e1s do gerenciamento de nuvem torna-se poss\u00edvel a utiliza\u00e7\u00e3o de um servidor em nuvem, permitindo a continuidade dos neg\u00f3cios sem a necessidade de um servidor f\u00edsico<\/p>\t\t\t\t\t\t\t\t<\/div>\n\t\t\t\t<\/div>\n\t\t\t\t<div class=\"elementor-element elementor-element-9f455c1 elementor-widget elementor-widget-text-editor\" data-id=\"9f455c1\" data-element_type=\"widget\" data-e-type=\"widget\" data-widget_type=\"text-editor.default\">\n\t\t\t\t<div class=\"elementor-widget-container\">\n\t\t\t\t\t\t\t\t\t<ul><li><strong>Controle total sobre toda a pilha da nuvem<\/strong><\/li><\/ul><p>As inst\u00e2ncias bare metal permitem que os clientes executem cargas de trabalho de alto desempenho, sens\u00edveis \u00e0 lat\u00eancia, tradicionais ou especializadas diretamente de um hardware de servidor dedicado, assim como se estivesse on-premises. Inst\u00e2ncias bare metal s\u00e3o ideais para cargas de trabalho que precisam ser executadas em ambientes n\u00e3o virtualizados.<\/p>\t\t\t\t\t\t\t\t<\/div>\n\t\t\t\t<\/div>\n\t\t\t\t<\/div>\n\t\t<div class=\"elementor-element elementor-element-e98542f e-con-full e-flex e-con e-child\" data-id=\"e98542f\" data-element_type=\"container\" data-e-type=\"container\">\n\t\t\t\t<div class=\"elementor-element elementor-element-61617fe elementor-widget elementor-widget-image\" data-id=\"61617fe\" data-element_type=\"widget\" data-e-type=\"widget\" data-widget_type=\"image.default\">\n\t\t\t\t<div class=\"elementor-widget-container\">\n\t\t\t\t\t\t\t\t\t\t\t\t\t\t\t<img loading=\"lazy\" decoding=\"async\" width=\"470\" height=\"405\" src=\"https:\/\/www.brcriacaodesites.com.br\/waser\/wp-content\/uploads\/2024\/01\/Rectangle-20567.png\" class=\"attachment-full size-full wp-image-355\" alt=\"\" srcset=\"https:\/\/www.brcriacaodesites.com.br\/waser\/wp-content\/uploads\/2024\/01\/Rectangle-20567.png 470w, https:\/\/www.brcriacaodesites.com.br\/waser\/wp-content\/uploads\/2024\/01\/Rectangle-20567-150x129.png 150w\" sizes=\"(max-width: 470px) 100vw, 470px\" \/>\t\t\t\t\t\t\t\t\t\t\t\t\t\t\t<\/div>\n\t\t\t\t<\/div>\n\t\t\t\t<\/div>\n\t\t\t\t\t<\/div>\n\t\t\t\t<\/div>\n\t\t\t\t<\/div>\n\t\t","protected":false},"excerpt":{"rendered":"<p>Gerenciamento e Controle de Backups Gerenciamento abrangente de prote\u00e7\u00e3o de dados na nuvem com recursos de classe empresarial e integra\u00e7\u00e3o de banco de dados.Esta solu\u00e7\u00e3o \u00e9 baseada em plataforma de nuvem comprovada, oferecida em uma rede global e segura de regi\u00f5es de nuvem, da sincroniza\u00e7\u00e3o de arquivos de alta largura de banda \u00e0 prote\u00e7\u00e3o de [&hellip;]<\/p>\n","protected":false},"author":1,"featured_media":0,"parent":0,"menu_order":0,"comment_status":"closed","ping_status":"closed","template":"elementor_header_footer","meta":{"_acf_changed":false,"footnotes":""},"class_list":["post-346","page","type-page","status-publish","hentry"],"acf":[],"_links":{"self":[{"href":"https:\/\/www.brcriacaodesites.com.br\/waser\/wp-json\/wp\/v2\/pages\/346","targetHints":{"allow":["GET"]}}],"collection":[{"href":"https:\/\/www.brcriacaodesites.com.br\/waser\/wp-json\/wp\/v2\/pages"}],"about":[{"href":"https:\/\/www.brcriacaodesites.com.br\/waser\/wp-json\/wp\/v2\/types\/page"}],"author":[{"embeddable":true,"href":"https:\/\/www.brcriacaodesites.com.br\/waser\/wp-json\/wp\/v2\/users\/1"}],"replies":[{"embeddable":true,"href":"https:\/\/www.brcriacaodesites.com.br\/waser\/wp-json\/wp\/v2\/comments?post=346"}],"version-history":[{"count":7,"href":"https:\/\/www.brcriacaodesites.com.br\/waser\/wp-json\/wp\/v2\/pages\/346\/revisions"}],"predecessor-version":[{"id":610,"href":"https:\/\/www.brcriacaodesites.com.br\/waser\/wp-json\/wp\/v2\/pages\/346\/revisions\/610"}],"wp:attachment":[{"href":"https:\/\/www.brcriacaodesites.com.br\/waser\/wp-json\/wp\/v2\/media?parent=346"}],"curies":[{"name":"wp","href":"https:\/\/api.w.org\/{rel}","templated":true}]}}